{"id":480,"date":"2021-11-24T12:57:04","date_gmt":"2021-11-24T11:57:04","guid":{"rendered":"https:\/\/screeningoncologici.asptrapani.it\/screening\/?page_id=480"},"modified":"2021-12-06T12:33:50","modified_gmt":"2021-12-06T11:33:50","slug":"screening-per-il-tumore-del-colon-retto","status":"publish","type":"page","link":"https:\/\/screeningoncologici.asptrapani.it\/screening\/screening-per-il-tumore-del-colon-retto\/","title":{"rendered":"SCREENING PER IL TUMORE DEL COLON RETTO"},"content":{"rendered":"\n<p><strong>Quanto \u00e8 diffuso questo tumore?<\/strong><\/p>\n\n\n\n<p>Nei Paesi occidentali il cancro del colon-retto rappresenta il secondo tumore maligno per incidenza nella donna e il terzo nell&#8217;uomo. In Italia si stima che questo tumore colpisca circa 23.000 donne e 30.000 uomini ogni anno, rappresentando la seconda causa di morte oncologica sia per gli uomini che nelle donne. In Sicilia, ogni anno, si registrano circa 3000 nuovi casi, di cui circa 1600 negli uomini e 1400 nelle donne. Negli ultimi anni si \u00e8 assistito a un aumento delle diagnosi di tumori del colon retto, ma anche a una diminuzione della mortalit\u00e0, attribuibile principalmente ai programmi di screening, alla diagnosi precoce e al miglioramento delle terapie.<\/p>\n\n\n\n<p><strong>Quali sono i fattori di rischio?<\/strong><\/p>\n\n\n\n<p>I fattori di rischio pi\u00f9 comuni per questo tumore comprendono l\u2019et\u00e0 maggiore di 50 anni, la familiarit\u00e0, fattori genetici (malattie genetiche predispongono all\u2019insorgenza di un tumore del colon), fattori nutrizionali (carni rosse, alcol, obesit\u00e0) e le malattie croniche intestinali (retto-colite ulcerosa e morbo di Crohn).<\/p>\n\n\n\n<p><strong>Quando devo fare lo screening del tumore del colon retto?<\/strong><\/p>\n\n\n\n<p>Lo screening \u00e8 rivolto a tutti gli uomini e le donne di et\u00e0 compresa tra i 50 i 69 anni e viene effettuato mediante la ricerca del sangue occulto nelle feci (SOF test). Questo test viene eseguito ogni due anni.&nbsp;<strong>L\u2019esame \u00e8 gratuito e non occorre la richiesta del medico di medicina generale.<\/strong><\/p>\n\n\n\n<p><strong>Cosa \u00e8 il SOF test?<\/strong><\/p>\n\n\n\n<p>\u00c8 un esame semplice e non doloroso che permette di rilevare nelle feci la presenza di sangue occulto, cio\u00e8 non visibile ad occhio nudo. Il test consiste nella raccolta di un piccolo campione di feci da inserire in una provetta, che viene poi analizzato in laboratorio.<\/p>\n\n\n\n<p><strong>Come devo prepararmi per fare il test per la ricerca del sangue occulto?<\/strong><\/p>\n\n\n\n<p>Per fare il test, non occorre nessuna preparazione particolare n\u00e9 alcuna restrizione dietetica.<\/p>\n\n\n\n<p><strong>Perch\u00e9 \u00e8 importante rilevare l\u2019eventuale presenza di sangue nelle feci?<\/strong><\/p>\n\n\n\n<p>La ricerca del sangue occulto nelle feci \u00e8 un mezzo efficace per scoprire un tumore del colon-retto in fase iniziale. Se diagnosticato precocemente, il tumore pu\u00f2 essere curato in modo definitivo. Il test per la ricerca del sangue occulto \u00e8 in grado anche di rivelare la presenza di eventuali lesioni a rischio di trasformazione tumorale. L\u2019asportazione di queste lesioni impedisce la comparsa del tumore.<\/p>\n\n\n\n<p><strong>Che succede se l\u2019esito del test \u00e8 nella norma?<\/strong><\/p>\n\n\n\n<p>Se l\u2019esito del test \u00e8 nella norma, ricever\u00e0 una lettera a casa entro un mese circa dalla data di consegna; la comunicazione potr\u00e0 avvenire con altre modalit\u00e0 concordate al momento dell\u2019esame (mail, messaggi). Sar\u00e0 successivamente invitato per effettuare nuovamente il test dopo due anni, fino al compimento dei 70 anni.<\/p>\n\n\n\n<p><strong>E se il test rileva la presenza di sangue occulto?<\/strong><\/p>\n\n\n\n<p>Nella maggior parte dei casi, le tracce di sangue sono dovute a patologie benigne quali, ad\u00a0esempio, emorroidi o ragadi. In una minoranza di casi, invece, \u00e8 dovuta a un tumore del tratto digerente. In ogni caso, se il test rileva la presenza di sangue occulto nelle feci, il protocollo degli screening invita a sottoporsi a una colonscopia, che sar\u00e0\u00a0<strong>anch\u2019essa gratuita e non necessiter\u00e0 dell\u2019impegnativa del proprio medico di medicina generale.<\/strong><\/p>\n\n\n\n<p><strong>Come faccio a fare il test del sangue occulto?<\/strong><\/p>\n\n\n\n<p><br>I soggetti che riceveranno la lettera di invito potranno recarsi presso le farmacie convenzionate. L\u00ec riceveranno un kit che dovr\u00e0 essere riconsegnato, una volta raccolto il campione, nella stessa farmacia dove era stata ritirata la provetta. Anche coloro che non hanno ricevuto la lettera d\u2019invito possono recarsi spontaneamente in farmacia: la farmacia verificher\u00e0 se il soggetto \u00e8 invitabile e, in questo caso, potr\u00e0 consegnare la provetta al cittadino.<\/p>\n\n\n\n<p><\/p>\n","protected":false},"excerpt":{"rendered":"<p>Quanto \u00e8 diffuso questo tumore? Nei Paesi occidentali il cancro del colon-retto rappresenta il secondo tumore maligno per incidenza nella donna e il terzo nell&#8217;uomo. In Italia si stima che questo tumore colpisca circa 23.000 donne e 30.000 uomini ogni anno, rappresentando la seconda causa di morte oncologica sia per gli uomini che nelle donne. [&hellip;]<\/p>\n","protected":false},"author":1,"featured_media":0,"parent":0,"menu_order":0,"comment_status":"closed","ping_status":"closed","template":"","meta":{"footnotes":""},"_links":{"self":[{"href":"https:\/\/screeningoncologici.asptrapani.it\/screening\/wp-json\/wp\/v2\/pages\/480"}],"collection":[{"href":"https:\/\/screeningoncologici.asptrapani.it\/screening\/wp-json\/wp\/v2\/pages"}],"about":[{"href":"https:\/\/screeningoncologici.asptrapani.it\/screening\/wp-json\/wp\/v2\/types\/page"}],"author":[{"embeddable":true,"href":"https:\/\/screeningoncologici.asptrapani.it\/screening\/wp-json\/wp\/v2\/users\/1"}],"replies":[{"embeddable":true,"href":"https:\/\/screeningoncologici.asptrapani.it\/screening\/wp-json\/wp\/v2\/comments?post=480"}],"version-history":[{"count":2,"href":"https:\/\/screeningoncologici.asptrapani.it\/screening\/wp-json\/wp\/v2\/pages\/480\/revisions"}],"predecessor-version":[{"id":522,"href":"https:\/\/screeningoncologici.asptrapani.it\/screening\/wp-json\/wp\/v2\/pages\/480\/revisions\/522"}],"wp:attachment":[{"href":"https:\/\/screeningoncologici.asptrapani.it\/screening\/wp-json\/wp\/v2\/media?parent=480"}],"curies":[{"name":"wp","href":"https:\/\/api.w.org\/{rel}","templated":true}]}}