{"id":477,"date":"2021-11-24T12:56:15","date_gmt":"2021-11-24T11:56:15","guid":{"rendered":"https:\/\/screeningoncologici.asptrapani.it\/screening\/?page_id=477"},"modified":"2021-11-24T12:56:15","modified_gmt":"2021-11-24T11:56:15","slug":"screening-per-il-tumore-della-cervice-uterina","status":"publish","type":"page","link":"https:\/\/screeningoncologici.asptrapani.it\/screening\/screening-per-il-tumore-della-cervice-uterina\/","title":{"rendered":"SCREENING PER IL TUMORE DELLA CERVICE UTERINA"},"content":{"rendered":"\n<p><strong>Quanto \u00e8 diffuso questo tumore?<\/strong><\/p>\n\n\n\n<p>Ogni anno, in Italia, si registrano circa 2.300 nuovi casi di tumore del collo dell\u2019utero prevalentemente in forma iniziale, mentre una donna su 10.000 riceve una diagnosi di tumore della cervice in forma avanzata. In Sicilia si registrano circa 185 nuovi casi ogni anno. Quando il tumore viene diagnosticato in fase avanzata la mortalit\u00e0 \u00e8 elevata. La malattia diagnosticata precocemente, grazie anche al programma di screening, \u00e8 al contrario altamente curabile.<\/p>\n\n\n\n<p><strong>Quali sono i principali fattori di rischio?<\/strong><\/p>\n\n\n\n<p>Il fattore determinante per lo sviluppo del tumore \u00e8 l\u2019infezione persistente da papilloma virus umano (HPV). Altri fattori associati ad un aumentato rischio di tumore del collo dell\u2019utero comprendono la precocit\u00e0 dei rapporti sessuali, il maggior numero di partner sessuali e la presenza di malattie sessualmente trasmesse o di immunodeficienza cronica.<\/p>\n\n\n\n<p><strong>Quando devo fare lo screening del tumore della cervice uterina?<\/strong><\/p>\n\n\n\n<p>In Sicilia, lo screening per il tumore del collo dell\u2019utero viene eseguito attraverso un Pap test ogni tre anni per le donne di et\u00e0 compresa tra i 25 e i 33 anni oppure un HPV test ogni 5 anni per le donne di et\u00e0 compresa tra i 34 e i 64.&nbsp;<strong>Entrambi i test sono gratuiti e non occorre la richiesta del medico di medicina generale.<\/strong><\/p>\n\n\n\n<p><strong>Cosa \u00e8 il Pap test?<\/strong><\/p>\n\n\n\n<p>Il Pap test \u00e8 un esame molto semplice che consente di individuare precocemente eventuali lesioni del collo dell\u2019utero, anche molto piccole. Consiste in una raccolta di cellule dal collo dell\u2019utero con una spatola e uno spazzolino; questo materiale viene poi analizzato al microscopio. Il prelievo per il Pap test \u00e8 semplice, generalmente non doloroso e dura pochi minuti.<\/p>\n\n\n\n<p><strong>Cosa \u00e8 l\u2019HPV test?<\/strong><\/p>\n\n\n\n<p>E\u2019 un esame simile al Pap test che consente di identificare direttamente l\u2019eventuale presenza del Papilloma virus umano (HPV); il materiale viene prelevato con la stessa modalit\u00e0 del Pap test e viene esaminato in laboratorio per la ricerca del DNA del virus.<\/p>\n\n\n\n<p><strong>Come devo prepararmi per effettuare un Pap test o un HPV test?<\/strong><\/p>\n\n\n\n<p>Per fare correttamente i test, \u00e8 opportuno che questi vengano effettuati almeno 5 giorni dopo la fine delle mestruazioni; \u00e8 opportuno anche evitare l\u2019uso di creme, ovuli, candelette o lavaggi vaginali nei 3 giorni precedenti il prelievo e astenersi dai rapporti sessuali nelle 24-48 ore precedenti.<\/p>\n\n\n\n<p><strong>Cosa succede se il Pap test o l\u2019HPV test sono normali?<\/strong><\/p>\n\n\n\n<p>Se i test sono nella norma, il referto verr\u00e0 consegnato direttamente alla paziente..<\/p>\n\n\n\n<p><strong>Che succede se il risultato del Pap test o dell\u2019HPV test sono dubbi?<\/strong><\/p>\n\n\n\n<p>In questo caso, sar\u00e0 indirizzata verso ulteriori accertamenti diagnostici, quali una colposcopia o un test di conferma, seguito eventualmente dalla colposcopia, in base alla tipologia di lesione individuata.&nbsp;<strong>Tutto il percorso di prevenzione ed eventuale cura \u00e8 gratuito.<\/strong><\/p>\n\n\n\n<p><strong>Come posso fare a prenotare e fare un Pap test o un HPV test?<\/strong><\/p>\n\n\n\n<p>Tutte le donne di et\u00e0 compresa tra i 25 e i 64 anni sono invitate mediante una lettera personalizzata o mediante il proprio medico di medicina generale per effettuare il test di screening. Successivamente, i soggetti invitati dovranno contattare il consultorio di riferimento riportato sulla lettera d\u2019invito o, qualora venisse pi\u00f9 comodo, le donne potranno recarsi presso un altro dei consultori e dei Punti Prelievo distribuiti su tutta la provincia, previo comunque accordo telefonico. I numeri e gli indirizzi dei consultori sono riportati di seguito:<\/p>\n\n\n\n<figure class=\"wp-block-table\"><table><tbody><tr><td>Cons. Fam. Alcamo<\/td><td>Via Madonna del Riposo 151\/B<\/td><td>0924 \/ 599640<\/td><\/tr><tr><td>Punto Prelievo Calatafimi-Segesta<\/td><td>Via A. De Gasperi, 101<\/td><td>0924 \/ 599067<\/td><\/tr><tr><td>Cons.Fam. Castellammare del Golfo<\/td><td>Via Doninzetti n. 1<\/td><td>0924 \/ 599671<\/td><\/tr><tr><td>Cons. Fam. Castelvetrano<\/td><td>Via Brandimarte n.9&nbsp;<\/td><td>0924 \/ 930269<\/td><\/tr><tr><td>Cons. Fam. Erice<\/td><td>Citt. della Salute (Pal. Carrubbo) Edificio 20<\/td><td>0923 \/ 472387<\/td><\/tr><tr><td>Colposcopia Erice<\/td><td>Citt. della Salute (Pal. Melograno)<\/td><td>0923 472426<\/td><\/tr><tr><td>Punto Prelievo Favignana<\/td><td>Via Dante Alighieri, 6<\/td><td>0923 \/ 472426<\/td><\/tr><tr><td>Cons. Fam. Marsala Bosco<\/td><td>Via Trapani, 346<\/td><td>0923 \/ 968200<\/td><\/tr><tr><td>Cons. Famil. Marsala Centro<\/td><td>Vecchio Osp. Ingresso da Via Colacasio<\/td><td>0923 \/ 782219 &#8211; 782221<\/td><\/tr><tr><td>Cons. Fam. Mazara del Vallo<\/td><td>Via Castelvetrano n.28<\/td><td>0923 \/ 901617<\/td><\/tr><tr><td>Cons. Fam. Pantelleria<\/td><td>c\/o Presidio Ospe Piazzale Almanza<\/td><td>0923 \/ 910263<\/td><\/tr><tr><td>Cons. Fam. Petrosino<\/td><td>Via F. Cafiso s.n.<\/td><td>0923 \/ 753456<\/td><\/tr><tr><td>Cons. Fam. Salemi<\/td><td>c\/o Presidio Ospedaliero<\/td><td>0924 \/ 982166<\/td><\/tr><tr><td>Cons. Fam. Santa Ninfa<\/td><td>Piazza Fleming&nbsp;n. 3 &#8211; 91029<\/td><td>0924 \/ 990548<\/td><\/tr><tr><td>Punto Prelievo S. Vito Lo Capo<\/td><td>Via Savoia, 223<\/td><td>0923 \/ 472426<\/td><\/tr><tr><td>Cons. Fam. Trapani<\/td><td>Via Marino Torre n. 216<\/td><td>0923 \/ 20962<\/td><\/tr><tr><td>Cons. Fam. Trapani \u201cCrescere Insieme\u201d<\/td><td>Via Tenente Alberti n.21<\/td><td>0923 \/ 536411<\/td><\/tr><tr><td>Cons. Fam. Valderice<\/td><td>Contrada Cavalieri<\/td><td>0923\/809031<\/td><\/tr><\/tbody><\/table><\/figure>\n","protected":false},"excerpt":{"rendered":"<p>Quanto \u00e8 diffuso questo tumore? Ogni anno, in Italia, si registrano circa 2.300 nuovi casi di tumore del collo dell\u2019utero prevalentemente in forma iniziale, mentre una donna su 10.000 riceve una diagnosi di tumore della cervice in forma avanzata. In Sicilia si registrano circa 185 nuovi casi ogni anno. Quando il tumore viene diagnosticato in [&hellip;]<\/p>\n","protected":false},"author":1,"featured_media":0,"parent":0,"menu_order":0,"comment_status":"closed","ping_status":"closed","template":"","meta":{"footnotes":""},"_links":{"self":[{"href":"https:\/\/screeningoncologici.asptrapani.it\/screening\/wp-json\/wp\/v2\/pages\/477"}],"collection":[{"href":"https:\/\/screeningoncologici.asptrapani.it\/screening\/wp-json\/wp\/v2\/pages"}],"about":[{"href":"https:\/\/screeningoncologici.asptrapani.it\/screening\/wp-json\/wp\/v2\/types\/page"}],"author":[{"embeddable":true,"href":"https:\/\/screeningoncologici.asptrapani.it\/screening\/wp-json\/wp\/v2\/users\/1"}],"replies":[{"embeddable":true,"href":"https:\/\/screeningoncologici.asptrapani.it\/screening\/wp-json\/wp\/v2\/comments?post=477"}],"version-history":[{"count":1,"href":"https:\/\/screeningoncologici.asptrapani.it\/screening\/wp-json\/wp\/v2\/pages\/477\/revisions"}],"predecessor-version":[{"id":478,"href":"https:\/\/screeningoncologici.asptrapani.it\/screening\/wp-json\/wp\/v2\/pages\/477\/revisions\/478"}],"wp:attachment":[{"href":"https:\/\/screeningoncologici.asptrapani.it\/screening\/wp-json\/wp\/v2\/media?parent=477"}],"curies":[{"name":"wp","href":"https:\/\/api.w.org\/{rel}","templated":true}]}}