{"id":474,"date":"2021-11-24T12:53:09","date_gmt":"2021-11-24T11:53:09","guid":{"rendered":"https:\/\/screeningoncologici.asptrapani.it\/screening\/?page_id=474"},"modified":"2021-11-24T12:53:09","modified_gmt":"2021-11-24T11:53:09","slug":"screening-per-il-tumore-della-mammella","status":"publish","type":"page","link":"https:\/\/screeningoncologici.asptrapani.it\/screening\/screening-per-il-tumore-della-mammella\/","title":{"rendered":"SCREENING PER IL TUMORE DELLA MAMMELLA"},"content":{"rendered":"\n<p><strong>Quanto \u00e8 diffuso questo tumore?<\/strong><\/p>\n\n\n\n<p>E\u2019 il tumore pi\u00f9 diffuso tra le donne, in tutte le fasce d\u2019et\u00e0; si stima che 1 donna su 9 si ammali di tumore al seno nel corso della propria vita. Anche in Sicilia il tumore alla mammella \u00e8 il pi\u00f9 diffuso, con oltre 3.000 casi ogni anno. Nonostante l\u2019incidenza di tumore della mammella sia andata progressivamente aumentando nelle passate decadi, la mortalit\u00e0 appare in declino, suggerendo pertanto il beneficio apportato dalla diagnosi precoce e da trattamenti pi\u00f9 efficaci.<\/p>\n\n\n\n<p><strong>Quali sono i principali fattori di rischio?<\/strong><\/p>\n\n\n\n<p>Sono diversi i fattori di rischio per questo tumore, tra cui: l\u2019et\u00e0 pi\u00f9 avanzata, il menarca precoce, la menopausa tardiva, la storia familiare per tumore della mammella in giovane et\u00e0, l\u2019et\u00e0 pi\u00f9 avanzata al primo parto, la prolungata terapia ormonale sostitutiva, l\u2019esposizione della parete toracica a precedente radioterapia, la malattia proliferativa benigna della mammella e le mutazioni genetiche, come nel caso dei geni BRCA 1-2.<\/p>\n\n\n\n<p><strong>Quando devo fare lo screening del tumore alla mammella?<\/strong><\/p>\n\n\n\n<p>Lo screening per il tumore della mammella si propone alle donne dai 50 anni ai 69 anni, con una mammografia ogni due anni.&nbsp;<strong>L\u2019esame \u00e8 gratuito e non occorre la richiesta del medico di medicina generale.&nbsp;<\/strong>Inoltre, dai 45 ai 49 si ha comunque diritto a una mammografia per anno da effettuare mediante ricetta del proprio medico.<\/p>\n\n\n\n<p><strong>Cosa \u00e8 la mammografia?<\/strong><\/p>\n\n\n\n<p>\u00c8 una radiografia del seno che utilizza dosi di raggi X molto basse. \u00c8 un esame semplice che non ha particolari controindicazioni, non necessita di alcuna preparazione particolare e dura circa 10 minuti. Terminato l\u2019esame, la donna pu\u00f2 tornare a casa e riprendere la sua normale vita di tutti i giorni. Non si usano farmaci, n\u00e9 mezzi di contrasto.<\/p>\n\n\n\n<p><strong>Quando faccio la mammografia mi espongo a delle radiazioni?<\/strong><\/p>\n\n\n\n<p>Come per ogni altra indagine radiografica, l&#8217;esame espone a una piccola quantit\u00e0 di raggi X. Tuttavia, la periodicit\u00e0 con cui viene effettuato lo screening mammografico \u00e8 stabilita in modo che i benefici derivanti dalla diagnosi precoce siano superiori ai possibili rischi legati alle radiazioni.<\/p>\n\n\n\n<p><strong>Cosa succede se l\u2019esito della mammografia \u00e8 nella norma?<\/strong><\/p>\n\n\n\n<p>In caso di normalit\u00e0, la risposta viene comunicata mediante lettera recapitata a casa o altre modalit\u00e0 concordate al momento dell\u2019esame (mail, messaggi) e lei verr\u00e0 invitata nuovamente dopo due anni.<\/p>\n\n\n\n<p><strong>Che succede se il risultato mostra alterazioni o dubbi?<\/strong><\/p>\n\n\n\n<p>Se la mammografia presenta delle anomalie, verr\u00e0 contattata per ulteriori accertamenti che sono&nbsp;<strong>anch\u2019essi gratuiti e non necessitano dell\u2019impegnativa del medico di medicina generale.&nbsp;<\/strong>Gli ulteriori accertamenti possono comprendere ulteriori proiezioni mammografiche, visita senologica, ecografia mammaria, agoaspirato o agobiopsia. Tuttavia, occorre sottolineare che solo poche donne sono richiamate per fare questi ulteriori esami e, nella maggior parte delle volte, alla fine degli esami, tutto si risolve con esito di normalit\u00e0.<\/p>\n\n\n\n<p><strong>Come posso prenotare una mammografia?<\/strong><\/p>\n\n\n\n<p>Tutte le donne di et\u00e0 compresa tra i 50 e i 69 anni sono invitate mediante una lettera personalizzata oppure direttamente dal loro medico di medicina generale per effettuare il test di screening. Successivamente, dovranno contattare il Centro Gestionale Screening ai numeri indicati nel box soprastante per fissare un appuntamento.<\/p>\n\n\n\n<p><strong>Dove devo recarmi per effettuare il test?<\/strong><\/p>\n\n\n\n<p>Ogni donna potr\u00e0 concordare con il Centro Gestionale Screening la sede preferita presso cui recarsi. Le postazioni dove effettuare l\u2019esame mammografico sono presenti in tutto il territorio dell\u2019ASP e comprendono i Presidi Ospedalieri di Alcamo, Castelvetrano, Mazara del Vallo, Marsala, Pantelleria e le due postazioni di Trapani (Presidio Ospedaliero Sant\u2019Antonio Abate e ambulatorio radiologico presso la Cittadella della Salute).<\/p>\n","protected":false},"excerpt":{"rendered":"<p>Quanto \u00e8 diffuso questo tumore? E\u2019 il tumore pi\u00f9 diffuso tra le donne, in tutte le fasce d\u2019et\u00e0; si stima che 1 donna su 9 si ammali di tumore al seno nel corso della propria vita. Anche in Sicilia il tumore alla mammella \u00e8 il pi\u00f9 diffuso, con oltre 3.000 casi ogni anno. Nonostante l\u2019incidenza [&hellip;]<\/p>\n","protected":false},"author":1,"featured_media":0,"parent":0,"menu_order":0,"comment_status":"closed","ping_status":"closed","template":"","meta":{"footnotes":""},"_links":{"self":[{"href":"https:\/\/screeningoncologici.asptrapani.it\/screening\/wp-json\/wp\/v2\/pages\/474"}],"collection":[{"href":"https:\/\/screeningoncologici.asptrapani.it\/screening\/wp-json\/wp\/v2\/pages"}],"about":[{"href":"https:\/\/screeningoncologici.asptrapani.it\/screening\/wp-json\/wp\/v2\/types\/page"}],"author":[{"embeddable":true,"href":"https:\/\/screeningoncologici.asptrapani.it\/screening\/wp-json\/wp\/v2\/users\/1"}],"replies":[{"embeddable":true,"href":"https:\/\/screeningoncologici.asptrapani.it\/screening\/wp-json\/wp\/v2\/comments?post=474"}],"version-history":[{"count":1,"href":"https:\/\/screeningoncologici.asptrapani.it\/screening\/wp-json\/wp\/v2\/pages\/474\/revisions"}],"predecessor-version":[{"id":475,"href":"https:\/\/screeningoncologici.asptrapani.it\/screening\/wp-json\/wp\/v2\/pages\/474\/revisions\/475"}],"wp:attachment":[{"href":"https:\/\/screeningoncologici.asptrapani.it\/screening\/wp-json\/wp\/v2\/media?parent=474"}],"curies":[{"name":"wp","href":"https:\/\/api.w.org\/{rel}","templated":true}]}}